{"id":1536,"date":"2023-07-18T13:13:15","date_gmt":"2023-07-18T13:13:15","guid":{"rendered":"https:\/\/mzeb-rlp-nord.de\/?page_id=1536"},"modified":"2023-08-30T10:04:08","modified_gmt":"2023-08-30T10:04:08","slug":"impressum-datenschutz","status":"publish","type":"page","link":"https:\/\/mzeb-rlp-nord.de\/?page_id=1536","title":{"rendered":"Impressum"},"content":{"rendered":"\n<p><strong>Herausgeber<\/strong><\/p>\n\n\n\n<p>Medizinisches Zentrum f\u00fcr Erwachsene mit Behinderung Rheinland-Pfalz Nord gGmbH<\/p>\n\n\n\n<p>Beverwijker Ring 2<\/p>\n\n\n\n<p>56564 Neuwied<\/p>\n\n\n\n<p>Telefon: 02631 9656-0<\/p>\n\n\n\n<p>Telefax: 02631 9656-117<\/p>\n\n\n\n<p>Email: <a href=\"mailto:zentrale@mzeb-rlp-nord.de\">zentrale@mzeb-rlp-nord.de<\/a><\/p>\n\n\n\n<p>Handelsregister: Amtsgericht Montabaur, HRB 25095<\/p>\n\n\n\n<p><\/p>\n\n\n\n<p>Vertretungsberechtigte und inhaltlich Verantwortliche gem\u00e4\u00df \u00a7 10 Abs. 3 MDStV:<\/p>\n\n\n\n<p>Thomas Vo\u00df (Gesch\u00e4ftsf\u00fchrer)<\/p>\n\n\n\n<p>Markus Wagener (Gesch\u00e4ftsf\u00fchrer)<\/p>\n\n\n\n<p><strong>Aufsichtsbeh\u00f6rde<\/strong><\/p>\n\n\n\n<p>Kassen\u00e4rztliche Vereinigung Rheinland-Pfalz<\/p>\n\n\n\n<p>Emil-Sch\u00fcller-Str. 14-16<\/p>\n\n\n\n<p>56073 Koblenz<\/p>\n\n\n\n<p><a href=\"http:\/\/www.kv-rlp.de\">www.kv-rlp.de<\/a><\/p>\n\n\n\n<p><strong>Zust\u00e4ndige Kammer<\/strong><\/p>\n\n\n\n<p>Landes\u00e4rztekammer Rheinland-Pfalz<\/p>\n\n\n\n<p>Deutschhausplatz 3<\/p>\n\n\n\n<p>55116 Mainz<\/p>\n\n\n\n<p><a href=\"http:\/\/www.laek-rlp.de\">www.laek-rlp.de<\/a><\/p>\n\n\n\n<p><strong>Gesetzliche Berufsbezeichnung<\/strong><\/p>\n\n\n\n<p>\u00c4rzte<\/p>\n\n\n\n<p>Staat, in dem die Berufsbezeichnung verliehen worden ist:<\/p>\n\n\n\n<p>Bundesrepublik Deutschland, soweit nicht ausdr\u00fccklich anders angegeben<\/p>\n\n\n\n<p>Berufsrechtliche Regelungen<\/p>\n\n\n\n<p>Berufsordnung der Landes\u00e4rztekammer Rheinland-Pfalz<\/p>\n\n\n\n<p>Heilberufsgesetz Rheinland-Pfalz<\/p>\n\n\n\n<p><a href=\"http:\/\/www.laek-rlp.de\">www.laek-rlp.de<\/a><\/p>\n\n\n\n<div style=\"height:30px\" aria-hidden=\"true\" class=\"wp-block-spacer\"><\/div>\n\n\n\n<p><strong>Bildrechte <\/strong><\/p>\n\n\n\n<p>Urhebervermerk: vadimphoto1@gmail.com\/Shotshop.com<\/p>\n\n\n\n<p>Lizenztyp: Royalty Free (lizenzfrei)<\/p>\n\n\n\n<p>Nutzungsrecht: Werbliche und redaktionelle Nutzung<\/p>\n\n\n\n<p>Releases: Keine<\/p>\n\n\n\n<div style=\"height:30px\" aria-hidden=\"true\" class=\"wp-block-spacer\"><\/div>\n\n\n\n<p>Beilegung von Verbraucherstreitigkeiten<\/p>\n\n\n\n<p>Zur Teilnahme an einem Streitbeteiligungsverfahren vor einer Verbraucherschlichtungsstelle sind wir nicht verpflichtet. Wir entscheiden fallweise \u00fcber eine Teilnahme.<\/p>\n\n\n\n<p><\/p>\n","protected":false},"excerpt":{"rendered":"<p>Herausgeber Medizinisches Zentrum f\u00fcr Erwachsene mit Behinderung Rheinland-Pfalz Nord gGmbH Beverwijker Ring 2 56564 Neuwied Telefon: 02631 9656-0 Telefax: 02631 9656-117 Email: zentrale@mzeb-rlp-nord.de Handelsregister: Amtsgericht Montabaur, HRB 25095 Vertretungsberechtigte und inhaltlich Verantwortliche gem\u00e4\u00df \u00a7 10 Abs. 3 MDStV: Thomas Vo\u00df (Gesch\u00e4ftsf\u00fchrer) Markus Wagener (Gesch\u00e4ftsf\u00fchrer) Aufsichtsbeh\u00f6rde Kassen\u00e4rztliche Vereinigung Rheinland-Pfalz Emil-Sch\u00fcller-Str. 14-16&#8230;<\/p>\n","protected":false},"author":1,"featured_media":0,"parent":0,"menu_order":0,"comment_status":"closed","ping_status":"closed","template":"","meta":{"footnotes":""},"class_list":["post-1536","page","type-page","status-publish","hentry"],"_links":{"self":[{"href":"https:\/\/mzeb-rlp-nord.de\/index.php?rest_route=\/wp\/v2\/pages\/1536","targetHints":{"allow":["GET"]}}],"collection":[{"href":"https:\/\/mzeb-rlp-nord.de\/index.php?rest_route=\/wp\/v2\/pages"}],"about":[{"href":"https:\/\/mzeb-rlp-nord.de\/index.php?rest_route=\/wp\/v2\/types\/page"}],"author":[{"embeddable":true,"href":"https:\/\/mzeb-rlp-nord.de\/index.php?rest_route=\/wp\/v2\/users\/1"}],"replies":[{"embeddable":true,"href":"https:\/\/mzeb-rlp-nord.de\/index.php?rest_route=%2Fwp%2Fv2%2Fcomments&post=1536"}],"version-history":[{"count":4,"href":"https:\/\/mzeb-rlp-nord.de\/index.php?rest_route=\/wp\/v2\/pages\/1536\/revisions"}],"predecessor-version":[{"id":1621,"href":"https:\/\/mzeb-rlp-nord.de\/index.php?rest_route=\/wp\/v2\/pages\/1536\/revisions\/1621"}],"wp:attachment":[{"href":"https:\/\/mzeb-rlp-nord.de\/index.php?rest_route=%2Fwp%2Fv2%2Fmedia&parent=1536"}],"curies":[{"name":"wp","href":"https:\/\/api.w.org\/{rel}","templated":true}]}}