{"id":1473,"date":"2023-07-17T14:20:49","date_gmt":"2023-07-17T14:20:49","guid":{"rendered":"https:\/\/mzeb-rlp-nord.de\/?page_id=1473"},"modified":"2023-07-18T13:19:23","modified_gmt":"2023-07-18T13:19:23","slug":"uebermzeb","status":"publish","type":"page","link":"https:\/\/mzeb-rlp-nord.de\/?page_id=1473","title":{"rendered":"\u00dcber MZEB"},"content":{"rendered":"\n<p>Medizinische Zentren f\u00fcr erwachsene mit Behinderung erm\u00f6glichen auf Grundlage des \u00a7 119 c SGB V eine bedarfsgerechte, spezialisierte Versorgung von erwachsenen Menschen mit geistigen und\/oder komplexen Mehrfachbehinderungen.<\/p>\n\n\n\n<p>Erg\u00e4nzend zur Regelversorgung durch Haus- und Fach\u00e4rzte stehen Ihnen unsere Teams aus verschiedenen Fachrichtungen an den Standorten Neuwied und D\u00fcngenheim mit besonderem Wissen und langj\u00e4hriger Erfahrung in der Behandlung von Menschen mit Behinderung mit Rat und Tat zur Seite.<\/p>\n\n\n\n<div style=\"height:35px\" aria-hidden=\"true\" class=\"wp-block-spacer\"><\/div>\n\n\n\n<p><strong>Unsere Ziele:<\/strong><\/p>\n\n\n\n<p>Erhaltung oder Verbesserung vorhandener F\u00e4higkeiten und Funktionen<\/p>\n\n\n\n<p>Vermeidung von Folgekrankheiten oder Komplikationen<\/p>\n\n\n\n<p>Vermeidung von Unter-, \u00dcber- oder Fehlversorgung zur F\u00f6rderung der gr\u00f6\u00dftm\u00f6glichen Selbst\u00e4ndigkeit und Teilhabe.<\/p>\n\n\n\n<p>In unseren MZEBs behandeln wir erwachsene Menschen mit Behinderung ab 18 Jahren, die mindestens einen Grad der Behinderung von 70 Prozent oder eine vergleichbare Schwere der Behinderung haben sowie mindestens ein Merkzeichen (G, aG, H, Bl, Gl oder Tbl).<\/p>\n\n\n\n<p>Erforderlich ist eine \u00dcberweisung durch den Haus- oder Facharzt.<\/p>\n\n\n\n<p class=\"has-text-align-center\"><strong>Der pers\u00f6nliche Kontakt zu unseren Patient*innen ist uns wichtig. Wir nehmen uns Zeit und richten uns nach Ihren individuellen Bed\u00fcrfnissen!<\/strong><\/p>\n","protected":false},"excerpt":{"rendered":"<p>Medizinische Zentren f\u00fcr erwachsene mit Behinderung erm\u00f6glichen auf Grundlage des \u00a7 119 c SGB V eine bedarfsgerechte, spezialisierte Versorgung von erwachsenen Menschen mit geistigen und\/oder komplexen Mehrfachbehinderungen. Erg\u00e4nzend zur Regelversorgung durch Haus- und Fach\u00e4rzte stehen Ihnen unsere Teams aus verschiedenen Fachrichtungen an den Standorten Neuwied und D\u00fcngenheim mit besonderem Wissen&#8230;<\/p>\n","protected":false},"author":1,"featured_media":0,"parent":0,"menu_order":0,"comment_status":"closed","ping_status":"closed","template":"","meta":{"footnotes":""},"class_list":["post-1473","page","type-page","status-publish","hentry"],"_links":{"self":[{"href":"https:\/\/mzeb-rlp-nord.de\/index.php?rest_route=\/wp\/v2\/pages\/1473","targetHints":{"allow":["GET"]}}],"collection":[{"href":"https:\/\/mzeb-rlp-nord.de\/index.php?rest_route=\/wp\/v2\/pages"}],"about":[{"href":"https:\/\/mzeb-rlp-nord.de\/index.php?rest_route=\/wp\/v2\/types\/page"}],"author":[{"embeddable":true,"href":"https:\/\/mzeb-rlp-nord.de\/index.php?rest_route=\/wp\/v2\/users\/1"}],"replies":[{"embeddable":true,"href":"https:\/\/mzeb-rlp-nord.de\/index.php?rest_route=%2Fwp%2Fv2%2Fcomments&post=1473"}],"version-history":[{"count":5,"href":"https:\/\/mzeb-rlp-nord.de\/index.php?rest_route=\/wp\/v2\/pages\/1473\/revisions"}],"predecessor-version":[{"id":1540,"href":"https:\/\/mzeb-rlp-nord.de\/index.php?rest_route=\/wp\/v2\/pages\/1473\/revisions\/1540"}],"wp:attachment":[{"href":"https:\/\/mzeb-rlp-nord.de\/index.php?rest_route=%2Fwp%2Fv2%2Fmedia&parent=1473"}],"curies":[{"name":"wp","href":"https:\/\/api.w.org\/{rel}","templated":true}]}}